{"id":1238,"date":"2023-06-13T15:36:16","date_gmt":"2023-06-13T13:36:16","guid":{"rendered":"https:\/\/www.epc-search.nl\/vacatures\/"},"modified":"2023-06-28T15:18:15","modified_gmt":"2023-06-28T13:18:15","slug":"stellenangebote","status":"publish","type":"page","link":"https:\/\/www.epc-search.nl\/de\/stellenangebote\/","title":{"rendered":"Unsere Arbeitsstellen"},"content":{"rendered":"<p>[et_pb_section fb_built=&#8220;1&#8243; custom_padding_last_edited=&#8220;on|phone&#8220; _builder_version=&#8220;4.21.0&#8243; _module_preset=&#8220;default&#8220; use_background_color_gradient=&#8220;on&#8220; background_color_gradient_stops=&#8220;rgba(0,0,0,0.3) 0%|rgba(0,0,0,0.4) 100%&#8220; background_color_gradient_overlays_image=&#8220;on&#8220; background_image=&#8220;https:\/\/www.epc-search.nl\/wp-content\/uploads\/2023\/06\/EPC_home_afb.jpg&#8220; custom_margin_tablet=&#8220;&#8220; custom_margin_phone=&#8220;||0px||false|false&#8220; custom_margin_last_edited=&#8220;on|phone&#8220; custom_padding=&#8220;65px||9px|||&#8220; custom_padding_tablet=&#8220;&#8220; custom_padding_phone=&#8220;55px||0px||false|false&#8220; background_last_edited=&#8220;off|phone&#8220; background_image_phone=&#8220;https:\/\/www.epc-search.nl\/wp-content\/uploads\/2023\/06\/EPC_mob.jpg&#8220; background_enable_image_phone=&#8220;on&#8220; background_size_phone=&#8220;cover&#8220; background_position_phone=&#8220;top_center&#8220; border_width_top=&#8220;10px&#8220; border_color_top=&#8220;#E2B64C&#8220; global_colors_info=&#8220;{}&#8220;][et_pb_row custom_padding_last_edited=&#8220;on|phone&#8220; _builder_version=&#8220;4.21.0&#8243; _module_preset=&#8220;default&#8220; max_width=&#8220;1200px&#8220; custom_margin=&#8220;29px|auto||auto|false|false&#8220; custom_margin_tablet=&#8220;100px|auto||auto|false|false&#8220; custom_margin_phone=&#8220;0px|auto|0px|auto|false|false&#8220; custom_margin_last_edited=&#8220;on|phone&#8220; custom_padding=&#8220;45px||35px|||&#8220; custom_padding_tablet=&#8220;45px||45px|||&#8220; custom_padding_phone=&#8220;0px||0px||false|false&#8220; global_colors_info=&#8220;{}&#8220;][et_pb_column type=&#8220;4_4&#8243; _builder_version=&#8220;4.21.0&#8243; _module_preset=&#8220;default&#8220; global_colors_info=&#8220;{}&#8220;][et_pb_text _builder_version=&#8220;4.21.0&#8243; _module_preset=&#8220;default&#8220; text_font=&#8220;|||on|||||&#8220; text_text_color=&#8220;#FFFFFF&#8220; text_font_size=&#8220;59px&#8220; text_line_height=&#8220;1.2em&#8220; header_font=&#8220;|||on|||||&#8220; header_text_color=&#8220;#FFFFFF&#8220; header_font_size=&#8220;59px&#8220; custom_margin=&#8220;10px|||||&#8220; custom_margin_tablet=&#8220;10px|||||&#8220; custom_margin_phone=&#8220;0px||30px||false|false&#8220; custom_margin_last_edited=&#8220;on|phone&#8220; custom_padding=&#8220;105px|||||&#8220; custom_padding_tablet=&#8220;74px|||||&#8220; custom_padding_phone=&#8220;30px||||false|false&#8220; custom_padding_last_edited=&#8220;on|phone&#8220; hover_enabled=&#8220;0&#8243; text_font_size_tablet=&#8220;59px&#8220; text_font_size_phone=&#8220;40px&#8220; text_font_size_last_edited=&#8220;on|phone&#8220; header_font_size_tablet=&#8220;59px&#8220; header_font_size_phone=&#8220;34px&#8220; header_font_size_last_edited=&#8220;on|phone&#8220; text_text_shadow_style=&#8220;preset4&#8243; text_text_shadow_horizontal_length=&#8220;0.06em&#8220; text_text_shadow_vertical_length=&#8220;0.05em&#8220; global_colors_info=&#8220;{}&#8220; sticky_enabled=&#8220;0&#8243;]<\/p>\n<h1>STELLENANGEBOTE<\/h1>\n<p>[\/et_pb_text][\/et_pb_column][\/et_pb_row][\/et_pb_section][et_pb_section fb_built=&#8220;1&#8243; custom_padding_last_edited=&#8220;on|phone&#8220; _builder_version=&#8220;4.21.0&#8243; _module_preset=&#8220;default&#8220; custom_padding=&#8220;||80px|||&#8220; custom_padding_tablet=&#8220;||80px|||&#8220; custom_padding_phone=&#8220;10px||0px||false|false&#8220; global_colors_info=&#8220;{}&#8220;][et_pb_row module_id=&#8220;grid-vacature&#8220; _builder_version=&#8220;4.21.0&#8243; _module_preset=&#8220;default&#8220; max_width=&#8220;1200px&#8220; global_colors_info=&#8220;{}&#8220;][et_pb_column type=&#8220;4_4&#8243; _builder_version=&#8220;4.21.0&#8243; _module_preset=&#8220;default&#8220; global_colors_info=&#8220;{}&#8220;][dpdfg_filtergrid custom_query=&#8220;advanced&#8220; multiple_cpt=&#8220;job_listing&#8220; use_taxonomy_terms=&#8220;on&#8220; include_children_terms=&#8220;off&#8220; post_number=&#8220;999&#8243; no_results=&#8220;Keine Ergebnisse gefunden.&#8220; show_thumbnail=&#8220;off&#8220; show_author=&#8220;off&#8220; read_more=&#8220;on&#8220; read_more_text=&#8220;Bekijk vacature&#8220; show_custom_fields=&#8220;on&#8220; custom_fields=&#8220;%91{%22name%22:%22_job_location%22,%22label%22:%22%22},{%22name%22:%22opleiding%22,%22label%22:%22%22}%93&#8243; show_custom_content=&#8220;on&#8220; show_filters=&#8220;off&#8220; show_pagination=&#8220;off&#8220; items_width=&#8220;30%&#8220; use_overlay_icon=&#8220;off&#8220; hover_overlay_color=&#8220;RGBA(255,255,255,0)&#8220; show_search=&#8220;on&#8220; search_placeholder=&#8220;Zoeken&#8220; bg_items=&#8220;#E3F0F6&#8243; _builder_version=&#8220;4.21.0&#8243; _module_preset=&#8220;default&#8220; dpdfg_entry_title_font=&#8220;|600|||||||&#8220; dpdfg_entry_title_font_size=&#8220;22px&#8220; dpdfg_entry_title_line_height=&#8220;1.2em&#8220; dpdfg_entry_cf_value_font=&#8220;|300|||||||&#8220; dpdfg_entry_cf_value_font_size=&#8220;18px&#8220; custom_read_more_button=&#8220;on&#8220; read_more_button_text_size=&#8220;18px&#8220; read_more_button_bg_color=&#8220;#415D90&#8243; read_more_button_border_radius=&#8220;0px&#8220; read_more_button_icon_placement=&#8220;left&#8220; custom_padding=&#8220;||||false|false&#8220; hover_enabled=&#8220;0&#8243; dpdfg_entry_title_font_size_tablet=&#8220;24px&#8220; dpdfg_entry_title_font_size_phone=&#8220;20px&#8220; dpdfg_entry_title_font_size_last_edited=&#8220;on|phone&#8220; dpdfg_entry_cf_value_font_size_tablet=&#8220;20px&#8220; dpdfg_entry_cf_value_font_size_phone=&#8220;16px&#8220; dpdfg_entry_cf_value_font_size_last_edited=&#8220;on|phone&#8220; border_width_all=&#8220;0px&#8220; global_colors_info=&#8220;{}&#8220; read_more_button_bg_color__hover_enabled=&#8220;on|desktop&#8220; read_more_button_bg_color__hover=&#8220;#415D90&#8243; sticky_enabled=&#8220;0&#8243;][\/dpdfg_filtergrid][\/et_pb_column][\/et_pb_row][\/et_pb_section]<\/p>\n","protected":false},"excerpt":{"rendered":"<p>STELLENANGEBOTE<div class=\"et_pb_with_border et_pb_module dpdfg_filtergrid dpdfg_filtergrid_0\">\n\t\t\t\t\n\t\t\t\t\n\t\t\t\t\n\t\t\t\t\n\t\t\t\t\n\t\t\t\t\n\t\t\t\t<div class=\"et_pb_module_inner\">\n\t\t\t\t\t<!-- DPDFG Start Main Container --><div class=\"dp-dfg-container dp-dfg-layout-grid dp-dfg-skin-default dp-dfg-skin-top-filters dp-dfg-empty\" data-active-filter=\"all\" data-page=\"1\" data-found-posts=\"0\" data-post-number=\"1\" data-default-filter=\"All\" data-link-filter=\"\" data-cache=\"off\" data-ratio=\"0.71\" data-show-thumb=\"off\" data-action=\"link\" data-new-window=\"off\" data-filters=\"off\" data-date-filters=\"off\" data-multifilter=\"off|OR\" data-multilevel=\"off|AND|off\" data-sorting=\"off\" data-order=\"DESC\" data-orderby=\"date\" data-initorderby=\"date\" data-url-navigation=\"off\" data-url-history=\"on|reload\" data-ajax-filters=\"off\" data-doing-ajax=\"off\" data-module=\"dpdfg_filtergrid_0\" data-search=\"on\" data-search-position=\"above\" data-terms-tags=\"on\" data-pagination=\"off\" data-filter-method=\"default\" data-third-party=\"\" data-lightbox=\"on|||\" data-video-preview=\"off\" data-no-init=\"off\" data-st=\"on\" data-no-results=\"on\"><div class=\"dp-dfg-search\"><input class=\"dp-dfg-search-input search-clean\" type=\"search\" placeholder=\"Zoeken\" value=\"\" aria-label=\"Zoeken\"\/><span class=\"et-pb-icon dp-dfg-search-icon\" data-icon-search=\"&#x55;\" data-icon-clear=\"&#x51;\">&#x55;<\/span><\/div><!-- DPDFG End Search Container --><div class=\"dp-dfg-items\"><div class=\"dp-dfg-no-results\">Keine Ergebnisse gefunden.<\/div><\/div><div class=\"dp-dfg-announcer screen-reader-text\" aria-live=\"polite\" aria-atomic=\"true\"><\/div><\/div><!-- DPDFG End Main Container --><div class=\"dp-dfg-data dp-dfg-hide\"><div class=\"dp-dfg-ajax-data\" data-ajax=\"{&quot;custom_query&quot;:&quot;advanced&quot;,&quot;support_for&quot;:&quot;sfp&quot;,&quot;sfp_id&quot;:&quot;&quot;,&quot;include_categories&quot;:&quot;&quot;,&quot;current_post_type&quot;:&quot;on&quot;,&quot;multiple_cpt&quot;:&quot;job_listing&quot;,&quot;use_taxonomy_terms&quot;:&quot;on&quot;,&quot;multiple_taxonomies&quot;:&quot;category&quot;,&quot;taxonomies_relation&quot;:&quot;OR&quot;,&quot;include_terms&quot;:&quot;&quot;,&quot;terms_relation&quot;:&quot;IN&quot;,&quot;include_children_terms&quot;:&quot;off&quot;,&quot;exclude_taxonomies&quot;:&quot;category&quot;,&quot;exclude_taxonomies_relation&quot;:&quot;OR&quot;,&quot;exclude_terms&quot;:&quot;&quot;,&quot;meta_query&quot;:&quot;off&quot;,&quot;meta_cf_key&quot;:&quot;&quot;,&quot;meta_cf_value&quot;:&quot;&quot;,&quot;meta_cf_compare&quot;:&quot;Equal To&quot;,&quot;meta_cf_type&quot;:&quot;CHAR&quot;,&quot;related_taxonomies&quot;:&quot;&quot;,&quot;related_criteria&quot;:&quot;one_in_one&quot;,&quot;posts_ids&quot;:&quot;&quot;,&quot;post_number&quot;:&quot;999&quot;,&quot;offset_number&quot;:&quot;0&quot;,&quot;order&quot;:&quot;DESC&quot;,&quot;orderby&quot;:&quot;date&quot;,&quot;meta_key&quot;:&quot;&quot;,&quot;meta_type&quot;:&quot;CHAR&quot;,&quot;show_private&quot;:&quot;off&quot;,&quot;current_author&quot;:&quot;off&quot;,&quot;sticky_posts&quot;:&quot;off&quot;,&quot;remove_current_post&quot;:&quot;off&quot;,&quot;no_results&quot;:&quot;Keine Ergebnisse gefunden.&quot;,&quot;thumbnail_action&quot;:&quot;link&quot;,&quot;gallery_cf_name&quot;:&quot;&quot;,&quot;lightbox_elements&quot;:&quot;on|||&quot;,&quot;show_thumbnail&quot;:&quot;off&quot;,&quot;thumbnail_size&quot;:&quot;400x284&quot;,&quot;t_alt&quot;:&quot;title&quot;,&quot;use_overlay&quot;:&quot;on&quot;,&quot;show_title&quot;:&quot;on&quot;,&quot;title_link&quot;:&quot;off&quot;,&quot;show_post_meta&quot;:&quot;on&quot;,&quot;meta_separator&quot;:&quot; | &quot;,&quot;show_author&quot;:&quot;off&quot;,&quot;author_prefix_text&quot;:&quot;By &quot;,&quot;show_date&quot;:&quot;off&quot;,&quot;date_format&quot;:&quot;j. F Y&quot;,&quot;show_terms&quot;:&quot;off&quot;,&quot;show_terms_taxonomy&quot;:&quot;category&quot;,&quot;terms_separator&quot;:&quot;,&quot;,&quot;terms_links&quot;:&quot;on&quot;,&quot;show_comments&quot;:&quot;off&quot;,&quot;show_content&quot;:&quot;off&quot;,&quot;content_length&quot;:&quot;excerpt&quot;,&quot;truncate_content&quot;:&quot;120&quot;,&quot;truncate_excerpt&quot;:&quot;off&quot;,&quot;strip_html&quot;:&quot;on&quot;,&quot;action_button&quot;:&quot;off&quot;,&quot;action_button_text&quot;:&quot;Click Action Button&quot;,&quot;read_more&quot;:&quot;on&quot;,&quot;read_more_text&quot;:&quot;Bekijk vacature&quot;,&quot;read_more_window&quot;:&quot;off&quot;,&quot;show_custom_fields&quot;:&quot;on&quot;,&quot;custom_fields&quot;:&quot;&amp;#91;{\\&quot;name\\&quot;:\\&quot;_job_location\\&quot;,\\&quot;label\\&quot;:\\&quot;\\&quot;},{\\&quot;name\\&quot;:\\&quot;opleiding\\&quot;,\\&quot;label\\&quot;:\\&quot;\\&quot;}&amp;#93;&quot;,&quot;show_custom_content&quot;:&quot;on&quot;,&quot;custom_content_container&quot;:&quot;on&quot;,&quot;custom_url&quot;:&quot;off&quot;,&quot;custom_url_field_name&quot;:&quot;&quot;,&quot;custom_url_target&quot;:&quot;same&quot;,&quot;show_video_preview&quot;:&quot;off&quot;,&quot;video_module&quot;:&quot;off&quot;,&quot;video_action&quot;:&quot;play&quot;,&quot;video_action_priority&quot;:&quot;on&quot;,&quot;video_overlay&quot;:&quot;on&quot;,&quot;video_overlay_icon&quot;:&quot;on&quot;,&quot;video_icon&quot;:&quot;&amp;#x49;||divi||400&quot;,&quot;video_icon_color&quot;:&quot;#ffffff&quot;,&quot;video_overlay_color&quot;:&quot;rgba(0,0,0,0.6)&quot;,&quot;show_filters&quot;:&quot;off&quot;,&quot;multilevel&quot;:&quot;off&quot;,&quot;multilevel_hierarchy&quot;:&quot;off&quot;,&quot;multilevel_hierarchy_tax&quot;:&quot;[{\\&quot;name\\&quot;:\\&quot;category\\&quot;,\\&quot;label\\&quot;:\\&quot;\\&quot;,\\&quot;all\\&quot;:\\&quot;\\&quot;}]&quot;,&quot;multilevel_relation&quot;:&quot;AND&quot;,&quot;multilevel_tax_data&quot;:&quot;[{\\&quot;name\\&quot;:\\&quot;category\\&quot;,\\&quot;label\\&quot;:\\&quot;\\&quot;,\\&quot;all\\&quot;:\\&quot;\\&quot;}]&quot;,&quot;filter_children_terms&quot;:&quot;on&quot;,&quot;use_custom_terms_filters&quot;:&quot;off&quot;,&quot;filter_taxonomies&quot;:&quot;category&quot;,&quot;filter_terms&quot;:&quot;&quot;,&quot;default_filter&quot;:&quot;All&quot;,&quot;filters_order&quot;:&quot;ASC&quot;,&quot;filters_sort&quot;:&quot;id&quot;,&quot;filters_custom&quot;:&quot;&quot;,&quot;hide_all&quot;:&quot;off&quot;,&quot;all_text&quot;:&quot;All&quot;,&quot;s_df&quot;:&quot;off&quot;,&quot;df_col&quot;:&quot;post_date&quot;,&quot;s_df_y&quot;:&quot;on&quot;,&quot;s_df_m&quot;:&quot;on&quot;,&quot;filter_layout&quot;:&quot;button&quot;,&quot;multifilter&quot;:&quot;off&quot;,&quot;multifilter_relation&quot;:&quot;OR&quot;,&quot;show_sort&quot;:&quot;off&quot;,&quot;cf_ob_name&quot;:&quot;&quot;,&quot;cf_ob_type&quot;:&quot;CHAR&quot;,&quot;ajax_filters&quot;:&quot;off&quot;,&quot;cache_on_page&quot;:&quot;off&quot;,&quot;show_pagination&quot;:&quot;off&quot;,&quot;pagination_type&quot;:&quot;paged&quot;,&quot;ajax_load_more_text&quot;:&quot;Load More&quot;,&quot;previous_icon&quot;:&quot;&amp;#x34;||divi||400&quot;,&quot;next_icon&quot;:&quot;&amp;#x35;||divi||400&quot;,&quot;previous_text&quot;:&quot;&quot;,&quot;next_text&quot;:&quot;&quot;,&quot;pagination_pages&quot;:&quot;2&quot;,&quot;items_layout&quot;:&quot;dp-dfg-layout-grid&quot;,&quot;thumb_width&quot;:&quot;33%&quot;,&quot;items_width&quot;:&quot;30%&quot;,&quot;items_skin&quot;:&quot;dp-dfg-skin-default&quot;,&quot;primary_view&quot;:&quot;[{\\&quot;name\\&quot;:\\&quot;thumbnail\\&quot;,\\&quot;show\\&quot;:\\&quot;on\\&quot;},{\\&quot;name\\&quot;:\\&quot;overlay\\&quot;,\\&quot;show\\&quot;:\\&quot;on\\&quot;},{\\&quot;name\\&quot;:\\&quot;title\\&quot;,\\&quot;show\\&quot;:\\&quot;off\\&quot;},{\\&quot;name\\&quot;:\\&quot;meta\\&quot;,\\&quot;show\\&quot;:\\&quot;off\\&quot;},{\\&quot;name\\&quot;:\\&quot;ext\\&quot;,\\&quot;show\\&quot;:\\&quot;off\\&quot;},{\\&quot;name\\&quot;:\\&quot;content\\&quot;,\\&quot;show\\&quot;:\\&quot;off\\&quot;},{\\&quot;name\\&quot;:\\&quot;action_button\\&quot;,\\&quot;show\\&quot;:\\&quot;off\\&quot;},{\\&quot;name\\&quot;:\\&quot;read_more_button\\&quot;,\\&quot;show\\&quot;:\\&quot;off\\&quot;},{\\&quot;name\\&quot;:\\&quot;custom_content\\&quot;,\\&quot;show\\&quot;:\\&quot;off\\&quot;}]&quot;,&quot;secondary_view&quot;:&quot;[{\\&quot;name\\&quot;:\\&quot;thumbnail\\&quot;,\\&quot;show\\&quot;:\\&quot;off\\&quot;},{\\&quot;name\\&quot;:\\&quot;title\\&quot;,\\&quot;show\\&quot;:\\&quot;on\\&quot;},{\\&quot;name\\&quot;:\\&quot;meta\\&quot;,\\&quot;show\\&quot;:\\&quot;on\\&quot;},{\\&quot;name\\&quot;:\\&quot;ext\\&quot;,\\&quot;show\\&quot;:\\&quot;on\\&quot;},{\\&quot;name\\&quot;:\\&quot;content\\&quot;,\\&quot;show\\&quot;:\\&quot;on\\&quot;},{\\&quot;name\\&quot;:\\&quot;action_button\\&quot;,\\&quot;show\\&quot;:\\&quot;on\\&quot;},{\\&quot;name\\&quot;:\\&quot;read_more_button\\&quot;,\\&quot;show\\&quot;:\\&quot;on\\&quot;},{\\&quot;name\\&quot;:\\&quot;custom_content\\&quot;,\\&quot;show\\&quot;:\\&quot;on\\&quot;}]&quot;,&quot;popup_template&quot;:&quot;default&quot;,&quot;popup_link_target&quot;:&quot;none&quot;,&quot;popup_code&quot;:&quot;&quot;,&quot;use_overlay_icon&quot;:&quot;off&quot;,&quot;hover_icon&quot;:&quot;&amp;#xe050;||divi||400&quot;,&quot;overlay_icon_color&quot;:&quot;#2ea3f2&quot;,&quot;hover_overlay_color&quot;:&quot;RGBA(255,255,255,0)&quot;,&quot;show_search&quot;:&quot;on&quot;,&quot;search_position&quot;:&quot;above&quot;,&quot;orderby_search&quot;:&quot;on&quot;,&quot;relevanssi&quot;:&quot;off&quot;,&quot;bg_items&quot;:&quot;#E3F0F6&quot;,&quot;admin_label&quot;:&quot;&quot;,&quot;module_id&quot;:&quot;&quot;,&quot;module_class&quot;:&quot;&quot;,&quot;dpdfg_entry_title_level&quot;:&quot;h2&quot;,&quot;read_more_button_icon&quot;:&quot;&quot;,&quot;action_button_icon&quot;:&quot;&quot;,&quot;the_ID&quot;:0,&quot;the_author&quot;:1,&quot;seed&quot;:4780,&quot;query_context&quot;:&quot;initial_query&quot;,&quot;conditional_tags&quot;:{&quot;is_user_logged_in&quot;:&quot;off&quot;,&quot;is_front_page&quot;:&quot;off&quot;,&quot;is_singular&quot;:&quot;off&quot;,&quot;is_archive&quot;:&quot;off&quot;,&quot;is_search&quot;:&quot;off&quot;,&quot;is_tax&quot;:&quot;off&quot;,&quot;is_author&quot;:&quot;off&quot;,&quot;is_date&quot;:&quot;off&quot;,&quot;is_post_type&quot;:&quot;off&quot;},&quot;query_var&quot;:{&quot;s&quot;:&quot;&quot;,&quot;year&quot;:&quot;&quot;,&quot;monthnum&quot;:&quot;&quot;,&quot;day&quot;:&quot;&quot;,&quot;post_type&quot;:&quot;&quot;},&quot;custom_data&quot;:[]}\"><\/div><div class=\"dp-dfg-no-results-data\"><div class=\"dp-dfg-no-results\">Keine Ergebnisse gefunden.<\/div><\/div><div class=\"dp-dfg-loader-data\"><\/div><\/div>\n\t\t\t\t<\/div>\n\t\t\t<\/div><\/p>\n","protected":false},"author":1,"featured_media":0,"parent":0,"menu_order":0,"comment_status":"closed","ping_status":"closed","template":"","meta":{"_acf_changed":false,"_et_pb_use_builder":"on","_et_pb_old_content":"","_et_gb_content_width":"","footnotes":""},"class_list":["post-1238","page","type-page","status-publish","hentry"],"acf":[],"yoast_head":"<!-- This site is optimized with the Yoast SEO plugin v27.4 - https:\/\/yoast.com\/product\/yoast-seo-wordpress\/ -->\n<title>Aktuelle Stellenangebote - Finden Sie Ihren n\u00e4chsten Karriereschritt bei EPC Search<\/title>\n<meta name=\"description\" content=\"Entdecken Sie unsere aktuellen Stellenangebote f\u00fcr noch zu besetzende Positionen und finden Sie Ihren n\u00e4chsten herausfordernden Karriereschritt bei EPC Search. Wir bieten talentierten Fachkr\u00e4ften die M\u00f6glichkeit, F\u00fchrungspositionen und Top-Manager in verschiedenen Branchen zu besetzen.\" \/>\n<meta name=\"robots\" content=\"index, follow, max-snippet:-1, max-image-preview:large, max-video-preview:-1\" \/>\n<link rel=\"canonical\" href=\"https:\/\/www.epc-search.nl\/de\/stellenangebote\/\" \/>\n<meta property=\"og:locale\" content=\"de_DE\" \/>\n<meta property=\"og:type\" content=\"article\" \/>\n<meta property=\"og:title\" content=\"Aktuelle Stellenangebote - Finden Sie Ihren n\u00e4chsten Karriereschritt bei EPC Search\" \/>\n<meta property=\"og:description\" content=\"Entdecken Sie unsere aktuellen Stellenangebote f\u00fcr noch zu besetzende Positionen und finden Sie Ihren n\u00e4chsten herausfordernden Karriereschritt bei EPC Search. Wir bieten talentierten Fachkr\u00e4ften die M\u00f6glichkeit, F\u00fchrungspositionen und Top-Manager in verschiedenen Branchen zu besetzen.\" \/>\n<meta property=\"og:url\" content=\"https:\/\/www.epc-search.nl\/de\/stellenangebote\/\" \/>\n<meta property=\"og:site_name\" content=\"EPC Search\" \/>\n<meta property=\"article:modified_time\" content=\"2023-06-28T13:18:15+00:00\" \/>\n<meta name=\"twitter:card\" content=\"summary_large_image\" \/>\n<meta name=\"twitter:label1\" content=\"Gesch\u00e4tzte Lesezeit\" \/>\n\t<meta name=\"twitter:data1\" content=\"3\u00a0Minuten\" \/>\n<script type=\"application\/ld+json\" class=\"yoast-schema-graph\">{\"@context\":\"https:\\\/\\\/schema.org\",\"@graph\":[{\"@type\":\"WebPage\",\"@id\":\"https:\\\/\\\/www.epc-search.nl\\\/de\\\/stellenangebote\\\/\",\"url\":\"https:\\\/\\\/www.epc-search.nl\\\/de\\\/stellenangebote\\\/\",\"name\":\"Aktuelle Stellenangebote - Finden Sie Ihren n\u00e4chsten Karriereschritt bei EPC Search\",\"isPartOf\":{\"@id\":\"https:\\\/\\\/www.epc-search.nl\\\/de\\\/#website\"},\"datePublished\":\"2023-06-13T13:36:16+00:00\",\"dateModified\":\"2023-06-28T13:18:15+00:00\",\"description\":\"Entdecken Sie unsere aktuellen Stellenangebote f\u00fcr noch zu besetzende Positionen und finden Sie Ihren n\u00e4chsten herausfordernden Karriereschritt bei EPC Search. Wir bieten talentierten Fachkr\u00e4ften die M\u00f6glichkeit, F\u00fchrungspositionen und Top-Manager in verschiedenen Branchen zu besetzen.\",\"breadcrumb\":{\"@id\":\"https:\\\/\\\/www.epc-search.nl\\\/de\\\/stellenangebote\\\/#breadcrumb\"},\"inLanguage\":\"de\",\"potentialAction\":[{\"@type\":\"ReadAction\",\"target\":[\"https:\\\/\\\/www.epc-search.nl\\\/de\\\/stellenangebote\\\/\"]}]},{\"@type\":\"BreadcrumbList\",\"@id\":\"https:\\\/\\\/www.epc-search.nl\\\/de\\\/stellenangebote\\\/#breadcrumb\",\"itemListElement\":[{\"@type\":\"ListItem\",\"position\":1,\"name\":\"Home\",\"item\":\"https:\\\/\\\/www.epc-search.nl\\\/de\\\/\"},{\"@type\":\"ListItem\",\"position\":2,\"name\":\"Unsere Arbeitsstellen\"}]},{\"@type\":\"WebSite\",\"@id\":\"https:\\\/\\\/www.epc-search.nl\\\/de\\\/#website\",\"url\":\"https:\\\/\\\/www.epc-search.nl\\\/de\\\/\",\"name\":\"EPC Search\",\"description\":\"Only commitment is effective!\",\"publisher\":{\"@id\":\"https:\\\/\\\/www.epc-search.nl\\\/de\\\/#organization\"},\"potentialAction\":[{\"@type\":\"SearchAction\",\"target\":{\"@type\":\"EntryPoint\",\"urlTemplate\":\"https:\\\/\\\/www.epc-search.nl\\\/de\\\/?s={search_term_string}\"},\"query-input\":{\"@type\":\"PropertyValueSpecification\",\"valueRequired\":true,\"valueName\":\"search_term_string\"}}],\"inLanguage\":\"de\"},{\"@type\":\"Organization\",\"@id\":\"https:\\\/\\\/www.epc-search.nl\\\/de\\\/#organization\",\"name\":\"EPC Search\",\"url\":\"https:\\\/\\\/www.epc-search.nl\\\/de\\\/\",\"logo\":{\"@type\":\"ImageObject\",\"inLanguage\":\"de\",\"@id\":\"https:\\\/\\\/www.epc-search.nl\\\/de\\\/#\\\/schema\\\/logo\\\/image\\\/\",\"url\":\"https:\\\/\\\/www.epc-search.nl\\\/wp-content\\\/uploads\\\/2023\\\/06\\\/Logo-EPCblauw-SEO.jpg\",\"contentUrl\":\"https:\\\/\\\/www.epc-search.nl\\\/wp-content\\\/uploads\\\/2023\\\/06\\\/Logo-EPCblauw-SEO.jpg\",\"width\":1000,\"height\":1000,\"caption\":\"EPC Search\"},\"image\":{\"@id\":\"https:\\\/\\\/www.epc-search.nl\\\/de\\\/#\\\/schema\\\/logo\\\/image\\\/\"}}]}<\/script>\n<!-- \/ Yoast SEO plugin. -->","yoast_head_json":{"title":"Aktuelle Stellenangebote - Finden Sie Ihren n\u00e4chsten Karriereschritt bei EPC Search","description":"Entdecken Sie unsere aktuellen Stellenangebote f\u00fcr noch zu besetzende Positionen und finden Sie Ihren n\u00e4chsten herausfordernden Karriereschritt bei EPC Search. Wir bieten talentierten Fachkr\u00e4ften die M\u00f6glichkeit, F\u00fchrungspositionen und Top-Manager in verschiedenen Branchen zu besetzen.","robots":{"index":"index","follow":"follow","max-snippet":"max-snippet:-1","max-image-preview":"max-image-preview:large","max-video-preview":"max-video-preview:-1"},"canonical":"https:\/\/www.epc-search.nl\/de\/stellenangebote\/","og_locale":"de_DE","og_type":"article","og_title":"Aktuelle Stellenangebote - Finden Sie Ihren n\u00e4chsten Karriereschritt bei EPC Search","og_description":"Entdecken Sie unsere aktuellen Stellenangebote f\u00fcr noch zu besetzende Positionen und finden Sie Ihren n\u00e4chsten herausfordernden Karriereschritt bei EPC Search. Wir bieten talentierten Fachkr\u00e4ften die M\u00f6glichkeit, F\u00fchrungspositionen und Top-Manager in verschiedenen Branchen zu besetzen.","og_url":"https:\/\/www.epc-search.nl\/de\/stellenangebote\/","og_site_name":"EPC Search","article_modified_time":"2023-06-28T13:18:15+00:00","twitter_card":"summary_large_image","twitter_misc":{"Gesch\u00e4tzte Lesezeit":"3\u00a0Minuten"},"schema":{"@context":"https:\/\/schema.org","@graph":[{"@type":"WebPage","@id":"https:\/\/www.epc-search.nl\/de\/stellenangebote\/","url":"https:\/\/www.epc-search.nl\/de\/stellenangebote\/","name":"Aktuelle Stellenangebote - Finden Sie Ihren n\u00e4chsten Karriereschritt bei EPC Search","isPartOf":{"@id":"https:\/\/www.epc-search.nl\/de\/#website"},"datePublished":"2023-06-13T13:36:16+00:00","dateModified":"2023-06-28T13:18:15+00:00","description":"Entdecken Sie unsere aktuellen Stellenangebote f\u00fcr noch zu besetzende Positionen und finden Sie Ihren n\u00e4chsten herausfordernden Karriereschritt bei EPC Search. Wir bieten talentierten Fachkr\u00e4ften die M\u00f6glichkeit, F\u00fchrungspositionen und Top-Manager in verschiedenen Branchen zu besetzen.","breadcrumb":{"@id":"https:\/\/www.epc-search.nl\/de\/stellenangebote\/#breadcrumb"},"inLanguage":"de","potentialAction":[{"@type":"ReadAction","target":["https:\/\/www.epc-search.nl\/de\/stellenangebote\/"]}]},{"@type":"BreadcrumbList","@id":"https:\/\/www.epc-search.nl\/de\/stellenangebote\/#breadcrumb","itemListElement":[{"@type":"ListItem","position":1,"name":"Home","item":"https:\/\/www.epc-search.nl\/de\/"},{"@type":"ListItem","position":2,"name":"Unsere Arbeitsstellen"}]},{"@type":"WebSite","@id":"https:\/\/www.epc-search.nl\/de\/#website","url":"https:\/\/www.epc-search.nl\/de\/","name":"EPC Search","description":"Only commitment is effective!","publisher":{"@id":"https:\/\/www.epc-search.nl\/de\/#organization"},"potentialAction":[{"@type":"SearchAction","target":{"@type":"EntryPoint","urlTemplate":"https:\/\/www.epc-search.nl\/de\/?s={search_term_string}"},"query-input":{"@type":"PropertyValueSpecification","valueRequired":true,"valueName":"search_term_string"}}],"inLanguage":"de"},{"@type":"Organization","@id":"https:\/\/www.epc-search.nl\/de\/#organization","name":"EPC Search","url":"https:\/\/www.epc-search.nl\/de\/","logo":{"@type":"ImageObject","inLanguage":"de","@id":"https:\/\/www.epc-search.nl\/de\/#\/schema\/logo\/image\/","url":"https:\/\/www.epc-search.nl\/wp-content\/uploads\/2023\/06\/Logo-EPCblauw-SEO.jpg","contentUrl":"https:\/\/www.epc-search.nl\/wp-content\/uploads\/2023\/06\/Logo-EPCblauw-SEO.jpg","width":1000,"height":1000,"caption":"EPC Search"},"image":{"@id":"https:\/\/www.epc-search.nl\/de\/#\/schema\/logo\/image\/"}}]}},"_links":{"self":[{"href":"https:\/\/www.epc-search.nl\/de\/wp-json\/wp\/v2\/pages\/1238","targetHints":{"allow":["GET"]}}],"collection":[{"href":"https:\/\/www.epc-search.nl\/de\/wp-json\/wp\/v2\/pages"}],"about":[{"href":"https:\/\/www.epc-search.nl\/de\/wp-json\/wp\/v2\/types\/page"}],"author":[{"embeddable":true,"href":"https:\/\/www.epc-search.nl\/de\/wp-json\/wp\/v2\/users\/1"}],"replies":[{"embeddable":true,"href":"https:\/\/www.epc-search.nl\/de\/wp-json\/wp\/v2\/comments?post=1238"}],"version-history":[{"count":5,"href":"https:\/\/www.epc-search.nl\/de\/wp-json\/wp\/v2\/pages\/1238\/revisions"}],"predecessor-version":[{"id":1311,"href":"https:\/\/www.epc-search.nl\/de\/wp-json\/wp\/v2\/pages\/1238\/revisions\/1311"}],"wp:attachment":[{"href":"https:\/\/www.epc-search.nl\/de\/wp-json\/wp\/v2\/media?parent=1238"}],"curies":[{"name":"wp","href":"https:\/\/api.w.org\/{rel}","templated":true}]}}