{"id":1275,"date":"2023-06-16T15:38:49","date_gmt":"2023-06-16T13:38:49","guid":{"rendered":"https:\/\/www.epc-search.nl\/faq\/"},"modified":"2023-06-30T14:28:24","modified_gmt":"2023-06-30T12:28:24","slug":"faq","status":"publish","type":"page","link":"https:\/\/www.epc-search.nl\/de\/faq\/","title":{"rendered":"FAQ"},"content":{"rendered":"<p>[et_pb_section fb_built=&#8220;1&#8243; custom_padding_last_edited=&#8220;on|phone&#8220; _builder_version=&#8220;4.21.0&#8243; _module_preset=&#8220;default&#8220; background_image=&#8220;https:\/\/www.epc-search.nl\/wp-content\/uploads\/2023\/06\/EPC_Search_werkgevers.jpg&#8220; background_position=&#8220;bottom_center&#8220; custom_margin_tablet=&#8220;&#8220; custom_margin_phone=&#8220;||0px||false|false&#8220; custom_margin_last_edited=&#8220;on|phone&#8220; custom_padding=&#8220;80px||9px|||&#8220; custom_padding_tablet=&#8220;&#8220; custom_padding_phone=&#8220;55px||0px||false|false&#8220; background_last_edited=&#8220;off|phone&#8220; background_image_phone=&#8220;https:\/\/www.epc-search.nl\/wp-content\/uploads\/2023\/06\/EPC_mob.jpg&#8220; background_enable_image_phone=&#8220;on&#8220; background_size_phone=&#8220;cover&#8220; background_position_phone=&#8220;top_center&#8220; border_width_top=&#8220;10px&#8220; border_color_top=&#8220;#E2B64C&#8220; global_colors_info=&#8220;{}&#8220;][et_pb_row custom_padding_last_edited=&#8220;on|phone&#8220; _builder_version=&#8220;4.21.0&#8243; _module_preset=&#8220;default&#8220; max_width=&#8220;1200px&#8220; custom_margin=&#8220;29px|auto||auto|false|false&#8220; custom_margin_tablet=&#8220;100px|auto||auto|false|false&#8220; custom_margin_phone=&#8220;0px|auto|0px|auto|false|false&#8220; custom_margin_last_edited=&#8220;on|phone&#8220; custom_padding=&#8220;105px||45px|||&#8220; custom_padding_tablet=&#8220;45px||45px|||&#8220; custom_padding_phone=&#8220;0px||45px||false|false&#8220; global_colors_info=&#8220;{}&#8220;][et_pb_column type=&#8220;4_4&#8243; _builder_version=&#8220;4.21.0&#8243; _module_preset=&#8220;default&#8220; global_colors_info=&#8220;{}&#8220;][et_pb_text _builder_version=&#8220;4.21.0&#8243; _module_preset=&#8220;default&#8220; text_font=&#8220;||||||||&#8220; text_text_color=&#8220;#FFFFFF&#8220; text_font_size=&#8220;59px&#8220; text_line_height=&#8220;1.2em&#8220; header_font=&#8220;|||on|||||&#8220; header_text_color=&#8220;#FFFFFF&#8220; header_font_size=&#8220;59px&#8220; max_width=&#8220;900px&#8220; custom_margin=&#8220;10px||-17px||false|false&#8220; custom_margin_tablet=&#8220;10px|||||&#8220; custom_margin_phone=&#8220;0px||30px||false|false&#8220; custom_margin_last_edited=&#8220;on|phone&#8220; custom_padding=&#8220;35px|||||&#8220; hover_enabled=&#8220;0&#8243; text_font_size_tablet=&#8220;59px&#8220; text_font_size_phone=&#8220;40px&#8220; text_font_size_last_edited=&#8220;on|phone&#8220; header_font_size_tablet=&#8220;59px&#8220; header_font_size_phone=&#8220;34px&#8220; header_font_size_last_edited=&#8220;on|phone&#8220; text_text_shadow_style=&#8220;preset4&#8243; text_text_shadow_horizontal_length=&#8220;0.06em&#8220; text_text_shadow_vertical_length=&#8220;0.05em&#8220; global_colors_info=&#8220;{}&#8220; sticky_enabled=&#8220;0&#8243;]<\/p>\n<h1>H\u00e4ufig gestellte Fragen<\/h1>\n<p>[\/et_pb_text][et_pb_button button_url=&#8220;@ET-DC@eyJkeW5hbWljIjp0cnVlLCJjb250ZW50IjoicG9zdF9saW5rX3VybF9wYWdlIiwic2V0dGluZ3MiOnsicG9zdF9pZCI6Ijc2MiJ9fQ==@&#8220; button_text=&#8220;Kontakt aufnehmen&#8220; button_alignment=&#8220;left&#8220; button_alignment_tablet=&#8220;left&#8220; button_alignment_phone=&#8220;left&#8220; button_alignment_last_edited=&#8220;on|phone&#8220; _builder_version=&#8220;4.21.0&#8243; _dynamic_attributes=&#8220;button_url&#8220; _module_preset=&#8220;default&#8220; custom_button=&#8220;on&#8220; button_bg_color=&#8220;#E2B64C&#8220; button_border_radius=&#8220;0px&#8220; positioning=&#8220;absolute&#8220; position_origin_a=&#8220;bottom_right&#8220; position_origin_a_tablet=&#8220;bottom_right&#8220; position_origin_a_phone=&#8220;bottom_right&#8220; position_origin_a_last_edited=&#8220;on|desktop&#8220; position_origin_f_tablet=&#8220;&#8220; position_origin_f_phone=&#8220;&#8220; position_origin_f_last_edited=&#8220;on|desktop&#8220; position_origin_r_tablet=&#8220;&#8220; position_origin_r_phone=&#8220;&#8220; position_origin_r_last_edited=&#8220;on|desktop&#8220; custom_margin=&#8220;21px||||false|false&#8220; custom_margin_tablet=&#8220;30px||||false|false&#8220; custom_margin_phone=&#8220;20px||0px||false|false&#8220; custom_margin_last_edited=&#8220;on|phone&#8220; hover_enabled=&#8220;0&#8243; button_text_size_tablet=&#8220;&#8220; button_text_size_phone=&#8220;16px&#8220; button_text_size_last_edited=&#8220;on|phone&#8220; positioning_tablet=&#8220;none&#8220; positioning_phone=&#8220;none&#8220; positioning_last_edited=&#8220;on|phone&#8220; custom_css_main_element=&#8220;width: 250px;||text-align: center;&#8220; box_shadow_style=&#8220;preset2&#8243; box_shadow_horizontal=&#8220;2px&#8220; box_shadow_vertical=&#8220;2px&#8220; box_shadow_blur=&#8220;6px&#8220; global_colors_info=&#8220;{}&#8220; sticky_enabled=&#8220;0&#8243;][\/et_pb_button][\/et_pb_column][\/et_pb_row][\/et_pb_section][et_pb_section fb_built=&#8220;1&#8243; custom_padding_last_edited=&#8220;on|phone&#8220; _builder_version=&#8220;4.21.0&#8243; _module_preset=&#8220;default&#8220; custom_padding=&#8220;||90px|||&#8220; custom_padding_tablet=&#8220;||90px|||&#8220; custom_padding_phone=&#8220;30px||45px||false|false&#8220; global_colors_info=&#8220;{}&#8220;][et_pb_row _builder_version=&#8220;4.21.0&#8243; _module_preset=&#8220;default&#8220; background_color=&#8220;#D9DFE9&#8243; width_tablet=&#8220;&#8220; width_phone=&#8220;90%&#8220; width_last_edited=&#8220;on|phone&#8220; max_width=&#8220;1200px&#8220; custom_padding=&#8220;9px|||||&#8220; global_colors_info=&#8220;{}&#8220;][et_pb_column type=&#8220;4_4&#8243; _builder_version=&#8220;4.21.0&#8243; _module_preset=&#8220;default&#8220; custom_padding=&#8220;30px|30px|30px|30px|false|false&#8220; custom_padding_tablet=&#8220;30px|30px|30px|30px|false|false&#8220; custom_padding_phone=&#8220;10px|15px|0px|15px|false|false&#8220; custom_padding_last_edited=&#8220;on|phone&#8220; global_colors_info=&#8220;{}&#8220;][et_pb_toggle title=&#8220;Was ist EQ?&#8220; open_toggle_text_color=&#8220;#000000&#8243; open_toggle_background_color=&#8220;#D9DFE9&#8243; closed_toggle_background_color=&#8220;#D9DFE9&#8243; icon_color=&#8220;#415D90&#8243; use_icon_font_size=&#8220;on&#8220; icon_font_size=&#8220;22px&#8220; open_icon_color=&#8220;#415D90&#8243; open_use_icon_font_size=&#8220;on&#8220; open_icon_font_size=&#8220;28px&#8220; _builder_version=&#8220;4.21.0&#8243; _module_preset=&#8220;default&#8220; title_text_color=&#8220;#000000&#8243; title_font=&#8220;|600||on|||||&#8220; title_font_size=&#8220;28px&#8220; body_font=&#8220;|300|||||||&#8220; body_font_size=&#8220;20px&#8220; background_color=&#8220;#D9DFE9&#8243; custom_margin=&#8220;||0px||false|false&#8220; hover_enabled=&#8220;0&#8243; title_font_size_tablet=&#8220;28px&#8220; title_font_size_phone=&#8220;20px&#8220; title_font_size_last_edited=&#8220;on|phone&#8220; body_font_size_tablet=&#8220;20px&#8220; body_font_size_phone=&#8220;16px&#8220; body_font_size_last_edited=&#8220;on|phone&#8220; body_line_height_tablet=&#8220;&#8220; body_line_height_phone=&#8220;1.6em&#8220; body_line_height_last_edited=&#8220;on|phone&#8220; border_width_all=&#8220;0px&#8220; border_width_bottom=&#8220;1px&#8220; border_color_bottom=&#8220;#415D90&#8243; global_colors_info=&#8220;{}&#8220; sticky_enabled=&#8220;0&#8243;]<\/p>\n<p>EQ steht f\u00fcr den emotionalen Intelligenzquotienten. Im Gegensatz zum IQ, der eine Indikation Ihrer F\u00e4higkeiten ist, ist EQ eine Indikation Ihrer Pers\u00f6nlichkeit und Ihrer F\u00e4higkeit, mit anderen zu interagieren und mit Stress umzugehen. F\u00fcr EPC Search ist EQ ein wichtiges Auswahlkriterium.<\/p>\n<p>Wenn Sie mehr dar\u00fcber erfahren m\u00f6chten, ist das Buch &#8222;Emotionale Intelligenz in der Praxis&#8220; von Daniel Goleman empfehlenswert. Nat\u00fcrlich gibt es auch \u00fcber Google viele Informationen \u00fcber EQ verf\u00fcgbar.<\/p>\n<p>[\/et_pb_toggle][et_pb_toggle title=&#8220;Was ist AQ?&#8220; open_toggle_text_color=&#8220;#000000&#8243; open_toggle_background_color=&#8220;#D9DFE9&#8243; closed_toggle_background_color=&#8220;#D9DFE9&#8243; icon_color=&#8220;#415D90&#8243; use_icon_font_size=&#8220;on&#8220; icon_font_size=&#8220;22px&#8220; open_icon_color=&#8220;#415D90&#8243; open_use_icon_font_size=&#8220;on&#8220; open_icon_font_size=&#8220;28px&#8220; _builder_version=&#8220;4.21.0&#8243; _module_preset=&#8220;default&#8220; title_text_color=&#8220;#000000&#8243; title_font=&#8220;|600||on|||||&#8220; title_font_size=&#8220;28px&#8220; body_font=&#8220;|300|||||||&#8220; body_font_size=&#8220;20px&#8220; background_color=&#8220;#D9DFE9&#8243; custom_margin=&#8220;||0px||false|false&#8220; hover_enabled=&#8220;0&#8243; title_font_size_tablet=&#8220;28px&#8220; title_font_size_phone=&#8220;20px&#8220; title_font_size_last_edited=&#8220;on|phone&#8220; body_font_size_tablet=&#8220;20px&#8220; body_font_size_phone=&#8220;16px&#8220; body_font_size_last_edited=&#8220;on|phone&#8220; body_line_height_tablet=&#8220;&#8220; body_line_height_phone=&#8220;1.6em&#8220; body_line_height_last_edited=&#8220;on|phone&#8220; border_width_all=&#8220;0px&#8220; border_width_bottom=&#8220;1px&#8220; border_color_bottom=&#8220;#415D90&#8243; global_colors_info=&#8220;{}&#8220; sticky_enabled=&#8220;0&#8243;]<\/p>\n<p><span>Das A in AQ steht f\u00fcr das englische Wort &#8222;Antagonist&#8220;, was \u00fcbersetzt &#8222;Gegner&#8220; bedeutet. AQ bezieht sich auf die mentale Widerstandsf\u00e4higkeit und wie jemand auf Widerstand reagiert, mit gro\u00dfen R\u00fcckschl\u00e4gen umgeht und insbesondere wie schnell sie diese verarbeiten k\u00f6nnen.<\/span><\/p>\n<p>[\/et_pb_toggle][\/et_pb_column][\/et_pb_row][\/et_pb_section]<\/p>\n","protected":false},"excerpt":{"rendered":"<p>H\u00e4ufig gestellte FragenEQ steht f\u00fcr den emotionalen Intelligenzquotienten. Im Gegensatz zum IQ, der eine Indikation Ihrer F\u00e4higkeiten ist, ist EQ eine Indikation Ihrer Pers\u00f6nlichkeit und Ihrer F\u00e4higkeit, mit anderen zu interagieren und mit Stress umzugehen. F\u00fcr EPC Search ist EQ ein wichtiges Auswahlkriterium. Wenn Sie mehr dar\u00fcber erfahren m\u00f6chten, ist das Buch &#8222;Emotionale Intelligenz in [&hellip;]<\/p>\n","protected":false},"author":1,"featured_media":0,"parent":0,"menu_order":0,"comment_status":"closed","ping_status":"closed","template":"","meta":{"_acf_changed":false,"_et_pb_use_builder":"on","_et_pb_old_content":"","_et_gb_content_width":"","footnotes":""},"class_list":["post-1275","page","type-page","status-publish","hentry"],"acf":[],"yoast_head":"<!-- This site is optimized with the Yoast SEO plugin v27.4 - https:\/\/yoast.com\/product\/yoast-seo-wordpress\/ -->\n<title>Veelgestelde vragen bij EPC Search<\/title>\n<meta name=\"description\" content=\"Ontdek de antwoorden op veelgestelde vragen bij EPC Search.\" \/>\n<meta name=\"robots\" content=\"index, follow, max-snippet:-1, max-image-preview:large, max-video-preview:-1\" \/>\n<link rel=\"canonical\" href=\"https:\/\/www.epc-search.nl\/de\/faq\/\" \/>\n<meta property=\"og:locale\" content=\"de_DE\" \/>\n<meta property=\"og:type\" content=\"article\" \/>\n<meta property=\"og:title\" content=\"Veelgestelde vragen bij EPC Search\" \/>\n<meta property=\"og:description\" content=\"Ontdek de antwoorden op veelgestelde vragen bij EPC Search.\" \/>\n<meta property=\"og:url\" content=\"https:\/\/www.epc-search.nl\/de\/faq\/\" \/>\n<meta property=\"og:site_name\" content=\"EPC Search\" \/>\n<meta property=\"article:modified_time\" content=\"2023-06-30T12:28:24+00:00\" \/>\n<meta name=\"twitter:card\" content=\"summary_large_image\" \/>\n<meta name=\"twitter:label1\" content=\"Gesch\u00e4tzte Lesezeit\" \/>\n\t<meta name=\"twitter:data1\" content=\"5\u00a0Minuten\" \/>\n<script type=\"application\/ld+json\" class=\"yoast-schema-graph\">{\"@context\":\"https:\\\/\\\/schema.org\",\"@graph\":[{\"@type\":\"WebPage\",\"@id\":\"https:\\\/\\\/www.epc-search.nl\\\/de\\\/faq\\\/\",\"url\":\"https:\\\/\\\/www.epc-search.nl\\\/de\\\/faq\\\/\",\"name\":\"Veelgestelde vragen bij EPC Search\",\"isPartOf\":{\"@id\":\"https:\\\/\\\/www.epc-search.nl\\\/de\\\/#website\"},\"datePublished\":\"2023-06-16T13:38:49+00:00\",\"dateModified\":\"2023-06-30T12:28:24+00:00\",\"description\":\"Ontdek de antwoorden op veelgestelde vragen bij EPC Search.\",\"breadcrumb\":{\"@id\":\"https:\\\/\\\/www.epc-search.nl\\\/de\\\/faq\\\/#breadcrumb\"},\"inLanguage\":\"de\",\"potentialAction\":[{\"@type\":\"ReadAction\",\"target\":[\"https:\\\/\\\/www.epc-search.nl\\\/de\\\/faq\\\/\"]}]},{\"@type\":\"BreadcrumbList\",\"@id\":\"https:\\\/\\\/www.epc-search.nl\\\/de\\\/faq\\\/#breadcrumb\",\"itemListElement\":[{\"@type\":\"ListItem\",\"position\":1,\"name\":\"Home\",\"item\":\"https:\\\/\\\/www.epc-search.nl\\\/de\\\/\"},{\"@type\":\"ListItem\",\"position\":2,\"name\":\"FAQ\"}]},{\"@type\":\"WebSite\",\"@id\":\"https:\\\/\\\/www.epc-search.nl\\\/de\\\/#website\",\"url\":\"https:\\\/\\\/www.epc-search.nl\\\/de\\\/\",\"name\":\"EPC Search\",\"description\":\"Only commitment is effective!\",\"publisher\":{\"@id\":\"https:\\\/\\\/www.epc-search.nl\\\/de\\\/#organization\"},\"potentialAction\":[{\"@type\":\"SearchAction\",\"target\":{\"@type\":\"EntryPoint\",\"urlTemplate\":\"https:\\\/\\\/www.epc-search.nl\\\/de\\\/?s={search_term_string}\"},\"query-input\":{\"@type\":\"PropertyValueSpecification\",\"valueRequired\":true,\"valueName\":\"search_term_string\"}}],\"inLanguage\":\"de\"},{\"@type\":\"Organization\",\"@id\":\"https:\\\/\\\/www.epc-search.nl\\\/de\\\/#organization\",\"name\":\"EPC Search\",\"url\":\"https:\\\/\\\/www.epc-search.nl\\\/de\\\/\",\"logo\":{\"@type\":\"ImageObject\",\"inLanguage\":\"de\",\"@id\":\"https:\\\/\\\/www.epc-search.nl\\\/de\\\/#\\\/schema\\\/logo\\\/image\\\/\",\"url\":\"https:\\\/\\\/www.epc-search.nl\\\/wp-content\\\/uploads\\\/2023\\\/06\\\/Logo-EPCblauw-SEO.jpg\",\"contentUrl\":\"https:\\\/\\\/www.epc-search.nl\\\/wp-content\\\/uploads\\\/2023\\\/06\\\/Logo-EPCblauw-SEO.jpg\",\"width\":1000,\"height\":1000,\"caption\":\"EPC Search\"},\"image\":{\"@id\":\"https:\\\/\\\/www.epc-search.nl\\\/de\\\/#\\\/schema\\\/logo\\\/image\\\/\"}}]}<\/script>\n<!-- \/ Yoast SEO plugin. -->","yoast_head_json":{"title":"Veelgestelde vragen bij EPC Search","description":"Ontdek de antwoorden op veelgestelde vragen bij EPC Search.","robots":{"index":"index","follow":"follow","max-snippet":"max-snippet:-1","max-image-preview":"max-image-preview:large","max-video-preview":"max-video-preview:-1"},"canonical":"https:\/\/www.epc-search.nl\/de\/faq\/","og_locale":"de_DE","og_type":"article","og_title":"Veelgestelde vragen bij EPC Search","og_description":"Ontdek de antwoorden op veelgestelde vragen bij EPC Search.","og_url":"https:\/\/www.epc-search.nl\/de\/faq\/","og_site_name":"EPC Search","article_modified_time":"2023-06-30T12:28:24+00:00","twitter_card":"summary_large_image","twitter_misc":{"Gesch\u00e4tzte Lesezeit":"5\u00a0Minuten"},"schema":{"@context":"https:\/\/schema.org","@graph":[{"@type":"WebPage","@id":"https:\/\/www.epc-search.nl\/de\/faq\/","url":"https:\/\/www.epc-search.nl\/de\/faq\/","name":"Veelgestelde vragen bij EPC Search","isPartOf":{"@id":"https:\/\/www.epc-search.nl\/de\/#website"},"datePublished":"2023-06-16T13:38:49+00:00","dateModified":"2023-06-30T12:28:24+00:00","description":"Ontdek de antwoorden op veelgestelde vragen bij EPC Search.","breadcrumb":{"@id":"https:\/\/www.epc-search.nl\/de\/faq\/#breadcrumb"},"inLanguage":"de","potentialAction":[{"@type":"ReadAction","target":["https:\/\/www.epc-search.nl\/de\/faq\/"]}]},{"@type":"BreadcrumbList","@id":"https:\/\/www.epc-search.nl\/de\/faq\/#breadcrumb","itemListElement":[{"@type":"ListItem","position":1,"name":"Home","item":"https:\/\/www.epc-search.nl\/de\/"},{"@type":"ListItem","position":2,"name":"FAQ"}]},{"@type":"WebSite","@id":"https:\/\/www.epc-search.nl\/de\/#website","url":"https:\/\/www.epc-search.nl\/de\/","name":"EPC Search","description":"Only commitment is effective!","publisher":{"@id":"https:\/\/www.epc-search.nl\/de\/#organization"},"potentialAction":[{"@type":"SearchAction","target":{"@type":"EntryPoint","urlTemplate":"https:\/\/www.epc-search.nl\/de\/?s={search_term_string}"},"query-input":{"@type":"PropertyValueSpecification","valueRequired":true,"valueName":"search_term_string"}}],"inLanguage":"de"},{"@type":"Organization","@id":"https:\/\/www.epc-search.nl\/de\/#organization","name":"EPC Search","url":"https:\/\/www.epc-search.nl\/de\/","logo":{"@type":"ImageObject","inLanguage":"de","@id":"https:\/\/www.epc-search.nl\/de\/#\/schema\/logo\/image\/","url":"https:\/\/www.epc-search.nl\/wp-content\/uploads\/2023\/06\/Logo-EPCblauw-SEO.jpg","contentUrl":"https:\/\/www.epc-search.nl\/wp-content\/uploads\/2023\/06\/Logo-EPCblauw-SEO.jpg","width":1000,"height":1000,"caption":"EPC Search"},"image":{"@id":"https:\/\/www.epc-search.nl\/de\/#\/schema\/logo\/image\/"}}]}},"_links":{"self":[{"href":"https:\/\/www.epc-search.nl\/de\/wp-json\/wp\/v2\/pages\/1275","targetHints":{"allow":["GET"]}}],"collection":[{"href":"https:\/\/www.epc-search.nl\/de\/wp-json\/wp\/v2\/pages"}],"about":[{"href":"https:\/\/www.epc-search.nl\/de\/wp-json\/wp\/v2\/types\/page"}],"author":[{"embeddable":true,"href":"https:\/\/www.epc-search.nl\/de\/wp-json\/wp\/v2\/users\/1"}],"replies":[{"embeddable":true,"href":"https:\/\/www.epc-search.nl\/de\/wp-json\/wp\/v2\/comments?post=1275"}],"version-history":[{"count":4,"href":"https:\/\/www.epc-search.nl\/de\/wp-json\/wp\/v2\/pages\/1275\/revisions"}],"predecessor-version":[{"id":1362,"href":"https:\/\/www.epc-search.nl\/de\/wp-json\/wp\/v2\/pages\/1275\/revisions\/1362"}],"wp:attachment":[{"href":"https:\/\/www.epc-search.nl\/de\/wp-json\/wp\/v2\/media?parent=1275"}],"curies":[{"name":"wp","href":"https:\/\/api.w.org\/{rel}","templated":true}]}}